{"id":427,"date":"2021-05-23T08:36:27","date_gmt":"2021-05-23T06:36:27","guid":{"rendered":"http:\/\/notra-media.com\/?page_id=427"},"modified":"2021-05-23T09:10:57","modified_gmt":"2021-05-23T07:10:57","slug":"service","status":"publish","type":"page","link":"https:\/\/notra-media.com\/?page_id=427","title":{"rendered":"Service"},"content":{"rendered":"[vc_row css=&#8220;.vc_custom_1570667804114{padding-top: 20px !important;padding-bottom: 20px !important;}&#8220;][vc_column][vc_column_text width=&#8220;700&#8243;]\n<p style=\"text-align: center;\"><span style=\"font-size: 24px;\">Ein Etikett ist der erste Eindruck, <\/span><span style=\"font-size: 24px;\">den ein Produkt hinterl\u00e4sst.\u00a0<\/span><span style=\"font-size: 24px;\">Wir stellen sicher, <\/span><span style=\"font-size: 24px;\">dass Ihre Erwartungen erf\u00fcllt werden.<\/span><\/p>\n[\/vc_column_text][\/vc_column][\/vc_row][vc_row full_width=&#8220;stretch_row&#8220; css=&#8220;.vc_custom_1621753299951{padding-top: 60px !important;padding-bottom: 40px !important;background-color: #f5f5f5 !important;}&#8220;][vc_column width=&#8220;1\/2&#8243;][vc_column_text el_class=&#8220;limit-text-width&#8220; text_align=&#8220;center&#8220;]\n<h2 style=\"text-align: left;\">Eine oder beliebig viele Etiketten<\/h2>\n<p style=\"text-align: left;\">Druck unterschiedlichster Mengen von individualisierten Etiketten. Wir erstellen auch ein einziges Etikett f\u00fcr Sie. Ein Team engagierter Fachleute \u2013 100% gef\u00fchrt und in der Hand der Gr\u00fcnderin von NOTRA Media.<\/p>\n[\/vc_column_text]<div class=\"vcex-spacing wpex-w-100 wpex-clear\" style=\"height:20px;\"><\/div>[vc_btn title=&#8220;Anfrage senden&#8220; color=&#8220;primary&#8220; link=&#8220;url:http%3A%2F%2Fnotra-media.com%2F%3Fpage_id%3D63|title:Kontakt||&#8220;][\/vc_column][vc_column width=&#8220;1\/2&#8243;][vc_single_image image=&#8220;452&#8243; img_size=&#8220;medium&#8220;][\/vc_column][\/vc_row][vc_row full_width=&#8220;stretch_row&#8220; css=&#8220;.vc_custom_1621753291141{padding-top: 60px !important;padding-bottom: 40px !important;background-color: #ffffff !important;}&#8220;][vc_column width=&#8220;1\/2&#8243;][vc_single_image image=&#8220;401&#8243; img_size=&#8220;medium&#8220;][\/vc_column][vc_column width=&#8220;1\/2&#8243;][vc_column_text el_class=&#8220;limit-text-width&#8220; text_align=&#8220;center&#8220;]\n<h2 style=\"text-align: left;\">Einfache Gesch\u00e4ftsprozesse<\/h2>\n<p style=\"text-align: left;\">Keine unn\u00f6tigen Zwischenschritte. Sie sagen uns was Sie w\u00fcnschen und wir liefern. Schnelles Design mit so vielen Korrekturzyklen wie notwendig.<\/p>\n[\/vc_column_text]<div class=\"vcex-spacing wpex-w-100 wpex-clear\" style=\"height:20px;\"><\/div>[vc_btn title=&#8220;Anfrage senden&#8220; color=&#8220;primary&#8220; link=&#8220;url:http%3A%2F%2Fnotra-media.com%2F%3Fpage_id%3D63|title:Kontakt||&#8220;][\/vc_column][\/vc_row][vc_row full_width=&#8220;stretch_row&#8220; css=&#8220;.vc_custom_1621753516123{padding-top: 60px !important;padding-bottom: 40px !important;background-color: #f5f5f5 !important;}&#8220;][vc_column width=&#8220;1\/2&#8243;][vc_column_text el_class=&#8220;limit-text-width&#8220; text_align=&#8220;center&#8220;]\n<h2 style=\"text-align: left;\">Produktetiketten, Warnhinweise, wei\u00dfe Etiketten, UDI Etiketten, Anti-Manipulationsetiketten, \u2026<\/h2>\n<p style=\"text-align: left;\">Etikettendruck f\u00fcr h\u00f6chste Qualit\u00e4tsanspr\u00fcche. Wetterfeste und temperaturbest\u00e4ndige Optionen, individuelle Formate und Design.<\/p>\n[\/vc_column_text]<div class=\"vcex-spacing wpex-w-100 wpex-clear\" style=\"height:20px;\"><\/div>[vc_btn title=&#8220;Anfrage senden&#8220; color=&#8220;primary&#8220; link=&#8220;url:http%3A%2F%2Fnotra-media.com%2F%3Fpage_id%3D63|title:Kontakt||&#8220;][\/vc_column][vc_column width=&#8220;1\/2&#8243;][vc_single_image image=&#8220;384&#8243; img_size=&#8220;medium&#8220;][\/vc_column][\/vc_row][vc_row full_width=&#8220;stretch_row&#8220; css=&#8220;.vc_custom_1621753522388{padding-top: 60px !important;padding-bottom: 40px !important;background-color: #ffffff !important;}&#8220;][vc_column width=&#8220;1\/2&#8243;][vc_single_image image=&#8220;403&#8243; img_size=&#8220;medium&#8220;][\/vc_column][vc_column width=&#8220;1\/2&#8243;][vc_column_text el_class=&#8220;limit-text-width&#8220; text_align=&#8220;center&#8220;]\n<h2 style=\"text-align: left;\">Pers\u00f6nlicher Service<\/h2>\n<p style=\"text-align: left;\">Keine Warteschleifen am Telefon. Gesch\u00e4ftskunden sind unser Fokus &#8211; jeden Tag. Individuelles Design f\u00fcr Kunden auf der ganzen Welt. Vom Layout \u00fcber Druck und Versand \u2013 NOTRA Media ist Ihr One-Stop-Shop.<\/p>\n[\/vc_column_text]<div class=\"vcex-spacing wpex-w-100 wpex-clear\" style=\"height:20px;\"><\/div>[vc_btn title=&#8220;Anfrage senden&#8220; color=&#8220;primary&#8220; link=&#8220;url:http%3A%2F%2Fnotra-media.com%2F%3Fpage_id%3D63|||&#8220;][\/vc_column][\/vc_row]\n","protected":false},"excerpt":{"rendered":"<p>[vc_row css=&#8220;.vc_custom_1570667804114{padding-top: 20px !important;padding-bottom: 20px !important;}&#8220;][vc_column][vc_column_text width=&#8220;700&#8243;] Ein Etikett ist der erste Eindruck, den ein Produkt hinterl\u00e4sst.\u00a0Wir stellen sicher, dass Ihre Erwartungen erf\u00fcllt werden. [\/vc_column_text][\/vc_column][\/vc_row][vc_row full_width=&#8220;stretch_row&#8220; css=&#8220;.vc_custom_1621753299951{padding-top: 60px !important;padding-bottom: 40px !important;background-color: #f5f5f5 !important;}&#8220;][vc_column width=&#8220;1\/2&#8243;][vc_column_text el_class=&#8220;limit-text-width&#8220; text_align=&#8220;center&#8220;] Eine oder beliebig viele Etiketten Druck unterschiedlichster Mengen von individualisierten Etiketten. Wir erstellen auch ein einziges Etikett f\u00fcr Sie.&hellip;<\/p>\n","protected":false},"author":1,"featured_media":0,"parent":0,"menu_order":0,"comment_status":"closed","ping_status":"closed","template":"","meta":{"footnotes":""},"class_list":["post-427","page","type-page","status-publish","hentry","entry","no-media"],"_links":{"self":[{"href":"https:\/\/notra-media.com\/index.php?rest_route=\/wp\/v2\/pages\/427","targetHints":{"allow":["GET"]}}],"collection":[{"href":"https:\/\/notra-media.com\/index.php?rest_route=\/wp\/v2\/pages"}],"about":[{"href":"https:\/\/notra-media.com\/index.php?rest_route=\/wp\/v2\/types\/page"}],"author":[{"embeddable":true,"href":"https:\/\/notra-media.com\/index.php?rest_route=\/wp\/v2\/users\/1"}],"replies":[{"embeddable":true,"href":"https:\/\/notra-media.com\/index.php?rest_route=%2Fwp%2Fv2%2Fcomments&post=427"}],"version-history":[{"count":19,"href":"https:\/\/notra-media.com\/index.php?rest_route=\/wp\/v2\/pages\/427\/revisions"}],"predecessor-version":[{"id":454,"href":"https:\/\/notra-media.com\/index.php?rest_route=\/wp\/v2\/pages\/427\/revisions\/454"}],"wp:attachment":[{"href":"https:\/\/notra-media.com\/index.php?rest_route=%2Fwp%2Fv2%2Fmedia&parent=427"}],"curies":[{"name":"wp","href":"https:\/\/api.w.org\/{rel}","templated":true}]}}